{"id":10,"date":"2021-10-07T14:27:59","date_gmt":"2021-10-07T12:27:59","guid":{"rendered":"https:\/\/test.ewis.sk\/?page_id=10"},"modified":"2021-12-10T19:30:23","modified_gmt":"2021-12-10T17:30:23","slug":"o-nas","status":"publish","type":"page","link":"https:\/\/www.ewis.sk\/index.php\/o-nas\/","title":{"rendered":"O n\u00e1s"},"content":{"rendered":"\n<p class=\"has-text-align-left\"><strong><a rel=\"noreferrer noopener\" href=\"http:\/\/www.wing.sk\" target=\"_blank\">WinG<\/a><\/strong> spol. s r.o. je spolo\u010dnos\u0165 so s\u00eddlom v Partiz\u00e1nskom zameran\u00e1 na IT technol\u00f3gie. Zaober\u00e1me sa integr\u00e1ciou, poradenstvom a konzulta\u010dn\u00fdmi slu\u017ebami po\u010das zav\u00e1dzania a in\u0161tal\u00e1cie tak\u00fdchto syst\u00e9mov hlavne do oblasti technickej pr\u00edpravy v\u00fdroby, kalkul\u00e1ci\u00ed, marketingu a budovania dod\u00e1vate\u013esko-odberate\u013esk\u00fdch vz\u0165ahov, ktor\u00e9 sa st\u00e1vaj\u00fa s\u00fa\u010das\u0165ou kompletnej dod\u00e1vky z\u00e1kazn\u00edkom. WinG spol. s r.o. vyu\u017e\u00edva svoje bohat\u00e9 sk\u00fasenosti v tejto oblasti nadobudnut\u00e9 po\u010das svojho p\u00f4sobenia v rozli\u010dn\u00fdch \u010dastiach sveta a to hlavne v \u010ceskej republike, Ve\u013ekej Brit\u00e1nii, Nemecku, Spojen\u00fdch \u0161t\u00e1toch, Juhoafrickej republiky, viacer\u00fdch kraj\u00edn \u00c1zie a v neposlednom rade aj doma na Slovensku.<\/p>\n\n\n\n<h3 class=\"wp-block-heading\">Z hist\u00f3rie<\/h3>\n\n\n\n<p>P\u00f4vodne skupina v\u00fdvojov\u00fdch pracovn\u00edkov, zostaven\u00e1 z matematikov, pracuj\u00faca (v rokoch 1985-1989) vo v\u00fdskumnom \u00fastave obuvn\u00edckych technol\u00f3gi\u00ed v Partiz\u00e1nskom na v\u00fdvoji svojho vlastn\u00e9ho CAD syst\u00e9mu, zalo\u017eila v roku 1990 s\u00fakromn\u00fa spolo\u010dnos\u0165 GRADEX a.s.<br>Firma GRADEX a.s. po \u00faspe\u0161nom rozbehu pokra\u010dovala vo svojej p\u00f4vodnej \u010dinnosti a\u017e do roku 1994. V tomto roku sa pretransformovala na WinG spol. s r.o., ktor\u00e1 odvtedy predstavuje stabilitu vz\u0165ahov ako i priebe\u017en\u00e9 zlep\u0161ovanie kvality a nepretr\u017eit\u00fa inov\u00e1ciu svojich produktov s oh\u013eadom na prich\u00e1dzaj\u00face nov\u00e9 SW technol\u00f3gie.<\/p>\n\n\n\n<p>Od roku 2008, v\u010faka \u00fazkej spolupr\u00e1ci s viacer\u00fdmi obchodn\u00fdmi partnermi z oblasti VZT (v\u00fdroba, predaj, mont\u00e1\u017e) bol zaznamenan\u00fd zna\u010dn\u00fd progres pri v\u00fdvoji ERP informa\u010dn\u00e9ho syst\u00e9mu EWIS a CAD syst\u00e9mov. Pr\u00e1ve v tejto oblasti sme dosiahli najkomplexnej\u0161ie expertn\u00e9 rie\u0161enia, ktor\u00e9 v\u00fdznamnou mierou ovplyvnili pr\u00edstup k rie\u0161eniu a implement\u00e1cii podobn\u00fdch syst\u00e9mov vykon\u00e1van\u00fdch na\u0161ou firmou.<\/p>\n\n\n\n<p class=\"has-text-align-right\"><a href=\"#top\">Hore<\/a><\/p>\n","protected":false},"excerpt":{"rendered":"<p>WinG spol. s r.o. je spolo\u010dnos\u0165 so s\u00eddlom v Partiz\u00e1nskom zameran\u00e1 na IT technol\u00f3gie. Zaober\u00e1me sa integr\u00e1ciou, poradenstvom a konzulta\u010dn\u00fdmi slu\u017ebami po\u010das zav\u00e1dzania a in\u0161tal\u00e1cie tak\u00fdchto syst\u00e9mov hlavne do oblasti technickej pr\u00edpravy v\u00fdroby, kalkul\u00e1ci\u00ed, marketingu a budovania dod\u00e1vate\u013esko-odberate\u013esk\u00fdch vz\u0165ahov, ktor\u00e9 sa st\u00e1vaj\u00fa s\u00fa\u010das\u0165ou kompletnej dod\u00e1vky z\u00e1kazn\u00edkom. WinG spol. s r.o. vyu\u017e\u00edva svoje bohat\u00e9 sk\u00fasenosti v [&hellip;]<\/p>\n","protected":false},"author":2,"featured_media":0,"parent":0,"menu_order":5,"comment_status":"closed","ping_status":"closed","template":"","meta":{"inline_featured_image":false,"site-sidebar-layout":"default","site-content-layout":"default","ast-site-content-layout":"","site-content-style":"default","site-sidebar-style":"default","ast-global-header-display":"","ast-banner-title-visibility":"","ast-main-header-display":"","ast-hfb-above-header-display":"","ast-hfb-below-header-display":"","ast-hfb-mobile-header-display":"","site-post-title":"","ast-breadcrumbs-content":"","ast-featured-img":"","footer-sml-layout":"","theme-transparent-header-meta":"default","adv-header-id-meta":"","stick-header-meta":"","header-above-stick-meta":"","header-main-stick-meta":"","header-below-stick-meta":"","astra-migrate-meta-layouts":"default","ast-page-background-enabled":"default","ast-page-background-meta":{"desktop":{"background-color":"var(--ast-global-color-4)","background-image":"","background-repeat":"repeat","background-position":"center center","background-size":"auto","background-attachment":"scroll","background-type":"","background-media":"","overlay-type":"","overlay-color":"","overlay-opacity":"","overlay-gradient":""},"tablet":{"background-color":"","background-image":"","background-repeat":"repeat","background-position":"center center","background-size":"auto","background-attachment":"scroll","background-type":"","background-media":"","overlay-type":"","overlay-color":"","overlay-opacity":"","overlay-gradient":""},"mobile":{"background-color":"","background-image":"","background-repeat":"repeat","background-position":"center center","background-size":"auto","background-attachment":"scroll","background-type":"","background-media":"","overlay-type":"","overlay-color":"","overlay-opacity":"","overlay-gradient":""}},"ast-content-background-meta":{"desktop":{"background-color":"var(--ast-global-color-5)","background-image":"","background-repeat":"repeat","background-position":"center center","background-size":"auto","background-attachment":"scroll","background-type":"","background-media":"","overlay-type":"","overlay-color":"","overlay-opacity":"","overlay-gradient":""},"tablet":{"background-color":"var(--ast-global-color-5)","background-image":"","background-repeat":"repeat","background-position":"center center","background-size":"auto","background-attachment":"scroll","background-type":"","background-media":"","overlay-type":"","overlay-color":"","overlay-opacity":"","overlay-gradient":""},"mobile":{"background-color":"var(--ast-global-color-5)","background-image":"","background-repeat":"repeat","background-position":"center center","background-size":"auto","background-attachment":"scroll","background-type":"","background-media":"","overlay-type":"","overlay-color":"","overlay-opacity":"","overlay-gradient":""}},"footnotes":""},"class_list":["post-10","page","type-page","status-publish","hentry"],"_links":{"self":[{"href":"https:\/\/www.ewis.sk\/index.php\/wp-json\/wp\/v2\/pages\/10","targetHints":{"allow":["GET"]}}],"collection":[{"href":"https:\/\/www.ewis.sk\/index.php\/wp-json\/wp\/v2\/pages"}],"about":[{"href":"https:\/\/www.ewis.sk\/index.php\/wp-json\/wp\/v2\/types\/page"}],"author":[{"embeddable":true,"href":"https:\/\/www.ewis.sk\/index.php\/wp-json\/wp\/v2\/users\/2"}],"replies":[{"embeddable":true,"href":"https:\/\/www.ewis.sk\/index.php\/wp-json\/wp\/v2\/comments?post=10"}],"version-history":[{"count":15,"href":"https:\/\/www.ewis.sk\/index.php\/wp-json\/wp\/v2\/pages\/10\/revisions"}],"predecessor-version":[{"id":652,"href":"https:\/\/www.ewis.sk\/index.php\/wp-json\/wp\/v2\/pages\/10\/revisions\/652"}],"wp:attachment":[{"href":"https:\/\/www.ewis.sk\/index.php\/wp-json\/wp\/v2\/media?parent=10"}],"curies":[{"name":"wp","href":"https:\/\/api.w.org\/{rel}","templated":true}]}}