{"id":11,"date":"2021-10-07T14:28:00","date_gmt":"2021-10-07T12:28:00","guid":{"rendered":"https:\/\/test.ewis.sk\/?page_id=11"},"modified":"2023-11-09T12:17:45","modified_gmt":"2023-11-09T10:17:45","slug":"kontakt","status":"publish","type":"page","link":"https:\/\/www.ewis.sk\/index.php\/kontakt\/","title":{"rendered":"Kontakt"},"content":{"rendered":"\n<figure class=\"wp-block-table kontakt\"><table><tbody><tr><td><strong>Martin Hoj\u010dka<\/strong><br><em>riadite\u013e, konate\u013e<\/em><\/td><td><strong>Milan Madzia<\/strong><br><em>v\u00fdvoj, konate\u013e<\/em><\/td><\/tr><tr><td><a href=\"mailto:martin@wing.sk\">martin@wing.sk<\/a><br>+421 905 355 565 <\/td><td><a href=\"mailto:milan.madzia@wing.sk\">milan.madzia@wing.sk<\/a><br>+421 905 355 561 <\/td><\/tr><tr><td><\/td><td><\/td><\/tr><tr><td><\/td><td><\/td><\/tr><tr><td><strong>Marian Kr\u00e1lik<\/strong><br><em>v\u00fdvoj<\/em>, CAD, CAM<\/td><td><\/td><\/tr><tr><td><a href=\"mailto:marian.kralik@wing.sk\">marian.kralik@wing.sk<\/a><\/td><td><\/td><\/tr><tr><td>+421 907 326 097<\/td><td><\/td><\/tr><\/tbody><\/table><\/figure>\n\n\n\n<figure class=\"wp-block-table kontakt\"><table><tbody><tr><td><strong>Aplik\u00e1cia pre vzdialen\u00fa spr\u00e1vu:<\/strong> <\/td><td> <a rel=\"noreferrer noopener\" href=\"https:\/\/get.teamviewer.com\/6v3wpkw\" target=\"_blank\">stiahnu\u0165<\/a><\/td><\/tr><\/tbody><\/table><\/figure>\n\n\n\n<figure class=\"wp-block-table kontakt\"><table><tbody><tr><td><strong>Syst\u00e9m hl\u00e1senia ch\u00fdb, po\u017eiadaviek, registrovan\u00ed z\u00e1kaznici:<\/strong> <\/td><td> <a rel=\"noreferrer noopener\" href=\"https:\/\/mantis.wing.sk\" target=\"_blank\" data-type=\"URL\" data-id=\"https:\/\/mantis.wing.sk\">mantis.wing.sk<\/a><\/td><\/tr><\/tbody><\/table><\/figure>\n\n\n\n<p class=\"has-text-align-right\"><a href=\"#top\">Hore<\/a><\/p>\n\n\n\n<div class=\"wp-block-columns is-layout-flex wp-container-core-columns-is-layout-28f84493 wp-block-columns-is-layout-flex\">\n<div class=\"wp-block-column is-layout-flow wp-block-column-is-layout-flow\" style=\"flex-basis:30%\">\n<figure class=\"wp-block-table kontakt adresa\"><table><tbody><tr><td> Adresa<\/td><td class=\"has-text-align-left\" data-align=\"left\"><\/td><\/tr><tr><td><\/td><td class=\"has-text-align-left\" data-align=\"left\"><\/td><\/tr><tr><td><\/td><td class=\"has-text-align-left\" data-align=\"left\"><strong>WING, spol. s r.o.<\/strong> <\/td><\/tr><tr><td><\/td><td class=\"has-text-align-left\" data-align=\"left\">Rudolfa Ja\u0161\u00edka 158\/8 <\/td><\/tr><tr><td><\/td><td class=\"has-text-align-left\" data-align=\"left\"><strong>958 01 Partiz\u00e1nske<\/strong><\/td><\/tr><tr><td><\/td><td class=\"has-text-align-left\" data-align=\"left\">Slovensk\u00e1 republika<\/td><\/tr><tr><td><\/td><td class=\"has-text-align-left\" data-align=\"left\"><\/td><\/tr><tr><td>I\u010cO<\/td><td class=\"has-text-align-left\" data-align=\"left\"> 34 099 174  <\/td><\/tr><tr><td>DI\u010c<\/td><td class=\"has-text-align-left\" data-align=\"left\">2020418257<\/td><\/tr><\/tbody><\/table><\/figure>\n<\/div>\n\n\n\n<div class=\"wp-block-column is-layout-flow wp-block-column-is-layout-flow\">\n<iframe loading=\"lazy\" style=\"border:none\" src=\"https:\/\/en.frame.mapy.cz\/s\/gatomahoro\" width=\"400\" height=\"280\" frameborder=\"0\"><\/iframe>\n<\/div>\n<\/div>\n\n\n\n<p class=\"has-text-align-right\"> <a href=\"#top\">Hore<\/a> <\/p>\n","protected":false},"excerpt":{"rendered":"<p>Martin Hoj\u010dkariadite\u013e, konate\u013e Milan Madziav\u00fdvoj, konate\u013e martin@wing.sk+421 905 355 565 milan.madzia@wing.sk+421 905 355 561 Marian Kr\u00e1likv\u00fdvoj, CAD, CAM marian.kralik@wing.sk +421 907 326 097 Aplik\u00e1cia pre vzdialen\u00fa spr\u00e1vu: stiahnu\u0165 Syst\u00e9m hl\u00e1senia ch\u00fdb, po\u017eiadaviek, registrovan\u00ed z\u00e1kaznici: mantis.wing.sk Hore Adresa WING, spol. s r.o. Rudolfa Ja\u0161\u00edka 158\/8 958 01 Partiz\u00e1nske Slovensk\u00e1 republika I\u010cO 34 099 174 DI\u010c 2020418257 [&hellip;]<\/p>\n","protected":false},"author":2,"featured_media":0,"parent":0,"menu_order":6,"comment_status":"closed","ping_status":"closed","template":"","meta":{"inline_featured_image":false,"site-sidebar-layout":"default","site-content-layout":"default","ast-site-content-layout":"default","site-content-style":"default","site-sidebar-style":"default","ast-global-header-display":"","ast-banner-title-visibility":"","ast-main-header-display":"","ast-hfb-above-header-display":"","ast-hfb-below-header-display":"","ast-hfb-mobile-header-display":"","site-post-title":"","ast-breadcrumbs-content":"","ast-featured-img":"","footer-sml-layout":"","theme-transparent-header-meta":"default","adv-header-id-meta":"","stick-header-meta":"","header-above-stick-meta":"","header-main-stick-meta":"","header-below-stick-meta":"","astra-migrate-meta-layouts":"set","ast-page-background-enabled":"default","ast-page-background-meta":{"desktop":{"background-color":"var(--ast-global-color-4)","background-image":"","background-repeat":"repeat","background-position":"center center","background-size":"auto","background-attachment":"scroll","background-type":"","background-media":"","overlay-type":"","overlay-color":"","overlay-opacity":"","overlay-gradient":""},"tablet":{"background-color":"","background-image":"","background-repeat":"repeat","background-position":"center center","background-size":"auto","background-attachment":"scroll","background-type":"","background-media":"","overlay-type":"","overlay-color":"","overlay-opacity":"","overlay-gradient":""},"mobile":{"background-color":"","background-image":"","background-repeat":"repeat","background-position":"center center","background-size":"auto","background-attachment":"scroll","background-type":"","background-media":"","overlay-type":"","overlay-color":"","overlay-opacity":"","overlay-gradient":""}},"ast-content-background-meta":{"desktop":{"background-color":"var(--ast-global-color-5)","background-image":"","background-repeat":"repeat","background-position":"center center","background-size":"auto","background-attachment":"scroll","background-type":"","background-media":"","overlay-type":"","overlay-color":"","overlay-opacity":"","overlay-gradient":""},"tablet":{"background-color":"var(--ast-global-color-5)","background-image":"","background-repeat":"repeat","background-position":"center center","background-size":"auto","background-attachment":"scroll","background-type":"","background-media":"","overlay-type":"","overlay-color":"","overlay-opacity":"","overlay-gradient":""},"mobile":{"background-color":"var(--ast-global-color-5)","background-image":"","background-repeat":"repeat","background-position":"center center","background-size":"auto","background-attachment":"scroll","background-type":"","background-media":"","overlay-type":"","overlay-color":"","overlay-opacity":"","overlay-gradient":""}},"footnotes":""},"class_list":["post-11","page","type-page","status-publish","hentry"],"_links":{"self":[{"href":"https:\/\/www.ewis.sk\/index.php\/wp-json\/wp\/v2\/pages\/11","targetHints":{"allow":["GET"]}}],"collection":[{"href":"https:\/\/www.ewis.sk\/index.php\/wp-json\/wp\/v2\/pages"}],"about":[{"href":"https:\/\/www.ewis.sk\/index.php\/wp-json\/wp\/v2\/types\/page"}],"author":[{"embeddable":true,"href":"https:\/\/www.ewis.sk\/index.php\/wp-json\/wp\/v2\/users\/2"}],"replies":[{"embeddable":true,"href":"https:\/\/www.ewis.sk\/index.php\/wp-json\/wp\/v2\/comments?post=11"}],"version-history":[{"count":38,"href":"https:\/\/www.ewis.sk\/index.php\/wp-json\/wp\/v2\/pages\/11\/revisions"}],"predecessor-version":[{"id":650,"href":"https:\/\/www.ewis.sk\/index.php\/wp-json\/wp\/v2\/pages\/11\/revisions\/650"}],"wp:attachment":[{"href":"https:\/\/www.ewis.sk\/index.php\/wp-json\/wp\/v2\/media?parent=11"}],"curies":[{"name":"wp","href":"https:\/\/api.w.org\/{rel}","templated":true}]}}