{"id":113,"date":"2021-10-08T14:24:36","date_gmt":"2021-10-08T12:24:36","guid":{"rendered":"https:\/\/test.ewis.sk\/?page_id=113"},"modified":"2021-12-17T13:17:06","modified_gmt":"2021-12-17T11:17:06","slug":"ewis","status":"publish","type":"page","link":"https:\/\/www.ewis.sk\/","title":{"rendered":""},"content":{"rendered":"\n<div class=\"wp-block-columns is-layout-flex wp-container-core-columns-is-layout-28f84493 wp-block-columns-is-layout-flex\">\n<div class=\"wp-block-column is-layout-flow wp-block-column-is-layout-flow\">\n<h2 class=\"wp-block-heading\"><a href=\"https:.\/index.php\/ewis-2\/\">Ewis<\/a><\/h2>\n\n\n\n<ul class=\"wp-block-list\"><li> <strong>Univerz\u00e1lny podnikov\u00fd informa\u010dn\u00fd syst\u00e9m<\/strong>, ktor\u00fd pokr\u00fdva cel\u00fd proces od cenov\u00fdch pon\u00fak a\u017e po exped\u00edciu a reklam\u00e1cie.<\/li><li>Zameran\u00fd aj na v\u00fdrobu <strong>z\u00e1kazkov\u00e9ho sortimentu<\/strong> a <strong>parametrick\u00fdch <\/strong>resp. <strong>konfigurovate\u013en\u00fdch v\u00fdrobkov <\/strong><\/li><li>Podpora <strong>ve\u013ekostn\u00e9ho sortimentu<\/strong><\/li><li><strong>Robustn\u00e9<\/strong> <strong>klient\/server rie\u0161enie <\/strong><\/li><li>Prepojenie na <strong>CAD<\/strong>, <strong>CAM<\/strong>, <strong>\u010diarov\u00e9 k\u00f3dy<\/strong> a <strong>prenosn\u00e9 termin\u00e1ly<\/strong> <\/li><li>Pou\u017eitie aj ako <strong>backend-IS subsyst\u00e9m<\/strong> pre integr\u00e1ciu <strong>parametrick\u00e9ho syst\u00e9mu TPV<\/strong> do extern\u00e9ho IS<\/li><\/ul>\n\n\n\n<p class=\"has-text-align-right\"><a href=\"#top\">Hore<\/a><\/p>\n<\/div>\n\n\n\n<div class=\"wp-block-column is-layout-flow wp-block-column-is-layout-flow\">\n<h2 class=\"wp-block-heading\"><a href=\"https:.\/index.php\/vyvoj-sw\/\">V\u00fdvoj SW<\/a><\/h2>\n\n\n\n<p> Zaober\u00e1me sa v\u00fdvojom, integr\u00e1ciou, predajom a implement\u00e1ciou komplexn\u00fdch softwarov\u00fdch rie\u0161en\u00ed za pou\u017eitia najnov\u0161\u00edch trendov a technol\u00f3gi\u00ed. Integr\u00e1cia <strong>CAD\/CAM<\/strong>, <strong>ERP<\/strong> informa\u010dn\u00fdch syst\u00e9mov (IS), <strong>web<\/strong> aplik\u00e1ci\u00ed a technol\u00f3gie dotykov\u00fdch obrazoviek, prenosn\u00fdch termin\u00e1lov a <strong>\u010diarov\u00fdch k\u00f3dov.<\/strong> Na\u0161e produkty a rie\u0161enia u\u017e na\u0161li v\u00fdznamn\u00e9 uplatnenie v r\u00f4znych odvetviach priemyslu, obchodu a zdravotn\u00edctva. Vyu\u017e\u00edvanie Open Source platformy rob\u00ed naviac na\u0161e v\u00fdrobky cenovo dostupn\u00fdmi aj pre mal\u00e9 a stredn\u00e9 firmy. M\u00e1me sk\u00fasenosti z r\u00f4znych oblast\u00ed priemyslu, obchodu, zdravotn\u00edctva aj verejnej spr\u00e1vy. <\/p>\n\n\n\n<p class=\"has-text-align-right\"><a href=\"#top\">Hore<\/a> <\/p>\n<\/div>\n<\/div>\n","protected":false},"excerpt":{"rendered":"<p>Ewis Univerz\u00e1lny podnikov\u00fd informa\u010dn\u00fd syst\u00e9m, ktor\u00fd pokr\u00fdva cel\u00fd proces od cenov\u00fdch pon\u00fak a\u017e po exped\u00edciu a reklam\u00e1cie. Zameran\u00fd aj na v\u00fdrobu z\u00e1kazkov\u00e9ho sortimentu a parametrick\u00fdch resp. konfigurovate\u013en\u00fdch v\u00fdrobkov Podpora ve\u013ekostn\u00e9ho sortimentu Robustn\u00e9 klient\/server rie\u0161enie Prepojenie na CAD, CAM, \u010diarov\u00e9 k\u00f3dy a prenosn\u00e9 termin\u00e1ly Pou\u017eitie aj ako backend-IS subsyst\u00e9m pre integr\u00e1ciu parametrick\u00e9ho syst\u00e9mu TPV do extern\u00e9ho [&hellip;]<\/p>\n","protected":false},"author":2,"featured_media":506,"parent":0,"menu_order":0,"comment_status":"closed","ping_status":"closed","template":"","meta":{"inline_featured_image":false,"site-sidebar-layout":"default","site-content-layout":"default","ast-site-content-layout":"","site-content-style":"default","site-sidebar-style":"default","ast-global-header-display":"","ast-banner-title-visibility":"","ast-main-header-display":"","ast-hfb-above-header-display":"","ast-hfb-below-header-display":"","ast-hfb-mobile-header-display":"","site-post-title":"disabled","ast-breadcrumbs-content":"","ast-featured-img":"","footer-sml-layout":"","theme-transparent-header-meta":"enabled","adv-header-id-meta":"","stick-header-meta":"","header-above-stick-meta":"","header-main-stick-meta":"","header-below-stick-meta":"","astra-migrate-meta-layouts":"default","ast-page-background-enabled":"default","ast-page-background-meta":{"desktop":{"background-color":"var(--ast-global-color-4)","background-image":"","background-repeat":"repeat","background-position":"center center","background-size":"auto","background-attachment":"scroll","background-type":"","background-media":"","overlay-type":"","overlay-color":"","overlay-opacity":"","overlay-gradient":""},"tablet":{"background-color":"","background-image":"","background-repeat":"repeat","background-position":"center center","background-size":"auto","background-attachment":"scroll","background-type":"","background-media":"","overlay-type":"","overlay-color":"","overlay-opacity":"","overlay-gradient":""},"mobile":{"background-color":"","background-image":"","background-repeat":"repeat","background-position":"center center","background-size":"auto","background-attachment":"scroll","background-type":"","background-media":"","overlay-type":"","overlay-color":"","overlay-opacity":"","overlay-gradient":""}},"ast-content-background-meta":{"desktop":{"background-color":"var(--ast-global-color-5)","background-image":"","background-repeat":"repeat","background-position":"center center","background-size":"auto","background-attachment":"scroll","background-type":"","background-media":"","overlay-type":"","overlay-color":"","overlay-opacity":"","overlay-gradient":""},"tablet":{"background-color":"var(--ast-global-color-5)","background-image":"","background-repeat":"repeat","background-position":"center center","background-size":"auto","background-attachment":"scroll","background-type":"","background-media":"","overlay-type":"","overlay-color":"","overlay-opacity":"","overlay-gradient":""},"mobile":{"background-color":"var(--ast-global-color-5)","background-image":"","background-repeat":"repeat","background-position":"center center","background-size":"auto","background-attachment":"scroll","background-type":"","background-media":"","overlay-type":"","overlay-color":"","overlay-opacity":"","overlay-gradient":""}},"footnotes":""},"class_list":["post-113","page","type-page","status-publish","has-post-thumbnail","hentry"],"_links":{"self":[{"href":"https:\/\/www.ewis.sk\/index.php\/wp-json\/wp\/v2\/pages\/113","targetHints":{"allow":["GET"]}}],"collection":[{"href":"https:\/\/www.ewis.sk\/index.php\/wp-json\/wp\/v2\/pages"}],"about":[{"href":"https:\/\/www.ewis.sk\/index.php\/wp-json\/wp\/v2\/types\/page"}],"author":[{"embeddable":true,"href":"https:\/\/www.ewis.sk\/index.php\/wp-json\/wp\/v2\/users\/2"}],"replies":[{"embeddable":true,"href":"https:\/\/www.ewis.sk\/index.php\/wp-json\/wp\/v2\/comments?post=113"}],"version-history":[{"count":25,"href":"https:\/\/www.ewis.sk\/index.php\/wp-json\/wp\/v2\/pages\/113\/revisions"}],"predecessor-version":[{"id":612,"href":"https:\/\/www.ewis.sk\/index.php\/wp-json\/wp\/v2\/pages\/113\/revisions\/612"}],"wp:featuredmedia":[{"embeddable":true,"href":"https:\/\/www.ewis.sk\/index.php\/wp-json\/wp\/v2\/media\/506"}],"wp:attachment":[{"href":"https:\/\/www.ewis.sk\/index.php\/wp-json\/wp\/v2\/media?parent=113"}],"curies":[{"name":"wp","href":"https:\/\/api.w.org\/{rel}","templated":true}]}}