{"id":21,"date":"2021-10-07T14:29:45","date_gmt":"2021-10-07T12:29:45","guid":{"rendered":"https:\/\/test.ewis.sk\/?page_id=21"},"modified":"2021-12-10T10:43:45","modified_gmt":"2021-12-10T08:43:45","slug":"use-cases","status":"publish","type":"page","link":"https:\/\/www.ewis.sk\/index.php\/use-cases\/","title":{"rendered":"Pr\u00edpadov\u00e9 \u0161t\u00fadie"},"content":{"rendered":"\n<ul class=\"wp-block-list\"><li><a href=\"#vyroba-vzt\">V\u00fdroba vzduchotechniky<\/a><\/li><li><a href=\"#vyroba-ahu\">V\u00fdroba klimatiza\u010dn\u00fdch jednotiek ( AHU )<\/a><\/li><\/ul>\n\n\n\n<h4 class=\"wp-block-heading\" id=\"vyroba-vzt\">V\u00fdroba vzduchotechniky<\/h4>\n\n\n\n<p>Vzduchotechnick\u00e9 potrubie pozost\u00e1va z mnoh\u00fdch prvkov, ktor\u00e9 sa vyr\u00e1baj\u00fa v r\u00f4znych ve\u013ekostiach.<\/p>\n\n\n\n<p>Kni\u017enica komponentov v Ewise obsahuje kni\u017enicu vzduchotechnick\u00fdch rovn\u00fdch potrub\u00ed ( hranat\u00e9, okr\u00fahle\/spiro, ov\u00e1lne ), tvaroviek, pr\u00edslu\u0161enstva, vyustiek, ventil\u00e1torov a podobne. Komponentom m\u00f4\u017ee by\u0165 napr\u00edklad koleno ( KO ), obl\u00fak ( OL ), spiro koleno ( SK ) a podobne. Jednotliv\u00e9 komponenty obsahuj\u00fa v sebe:<\/p>\n\n\n\n<ul class=\"wp-block-list\"><li>parametre ( vlastnosti ) &#8211; napr\u00edklad \u0161\u00edrka, v\u00fd\u0161ka, d\u013a\u017eka, priemer, uhol, materi\u00e1l, technol\u00f3gia a mnoho \u010fa\u013e\u0161\u00edch .Tieto je mo\u017en\u00e9 pomenov\u00e1va\u0165 a prid\u00e1va\u0165 pod\u013ea potrieb a zvyklost\u00ed z\u00e1kazn\u00edka. Ka\u017ed\u00fd parameter m\u00e1 svoj vlastn\u00e9 atrib\u00faty.<\/li><li>predpisy na generovanie k\u00f3du v\u00fdrobku &#8211; m\u00f4\u017eu pozost\u00e1va\u0165 z fixn\u00fdch textov a kombin\u00e1cie jednotliv\u00fdch parametrov. V\u00fdrobok m\u00f4\u017ee obsahova\u0165 viacero r\u00f4znych k\u00f3dov a n\u00e1zvov pod\u013ea zvyklost\u00ed z\u00e1kazn\u00edka. Napr\u00edklad OL 90<strong>\u00b0<\/strong> 200&#215;500 zn, OL 200&#215;500\/90<strong>\u00b0<\/strong>  zn0.7 a podobne.<\/li><li>predpisy na generovanie kusovn\u00edkov &#8211; tieto m\u00f4\u017eu by\u0165 odli\u0161n\u00e9 napr. pre r\u00f4zne hodnoty \u00b4vybran\u00e9ho parametra. Napr\u00edklad pod\u013ea technol\u00f3gie v\u00fdroby alebo druhu materi\u00e1lu.<\/li><li>predpisy na generovanie v\u00fdstupu na technologick\u00e9 zariadenie &#8211; napr\u00edklad v\u00fdstup na rezacie zariadenie ( laser, plazma, .. ), \u0161pecializovan\u00e1 linka na rovn\u00e9 potrubie a podobne.<\/li><li>kontroly, ktor\u00e9 rie\u0161ia \u010di s\u00fa povolen\u00e9 r\u00f4zne kombin\u00e1cie zad\u00e1van\u00fdch parametrov<\/li><li>sp\u00f4sob generovania predajnej a n\u00e1kladovej\/n\u00e1kupnej ceny<\/li><li>obr\u00e1zok alebo k\u00f3tovan\u00e1 sch\u00e9ma v\u00fdrobku pre jednoduch\u0161ie zad\u00e1vanie<\/li><li>pr\u00eddavn\u00e9 inform\u00e1cie a s\u00fabory &#8211; napr\u00edklad v\u00fdrobn\u00e1 dokument\u00e1cia, certifik\u00e1ty. Z t\u00fdchto s\u00faborov je mo\u017en\u00e9 napr. automaticky vytv\u00e1ra\u0165 pr\u00edlohy k cenov\u00fdm ponuk\u00e1m a podobne.<\/li><\/ul>\n\n\n\n<p class=\"has-text-align-right\"><a href=\"#top\">Hore<\/a><\/p>\n\n\n\n<h4 class=\"wp-block-heading\" id=\"vyroba-ahu\">V\u00fdroba klimatiza\u010dn\u00fdch jednotiek ( AHU )<\/h4>\n\n\n\n<p>Klimatiza\u010dn\u00e1 jednotka sa sklad\u00e1 z viacer\u00fdch blokov. Obvykle s\u00fa to skri\u0148a, radi\u00e1tor, chladi\u010d, rekuper\u00e1tor, ventil\u00e1tor. Jednotliv\u00e9 bloky sa skladaj\u00fa z \u010fa\u013e\u0161\u00edch modulov, ktor\u00e9 pozost\u00e1vaj\u00fa z nakupovan\u00fdch produktov, materi\u00e1lov a polotovarov. Pri v\u00fdrobe sa pou\u017e\u00edvaj\u00fa r\u00f4zne technol\u00f3gie na rezanie, oh\u00fdbanie, povrchov\u00fa \u00fapravu a podobne. Tieto technol\u00f3gie sa m\u00f4\u017eu pou\u017e\u00edva\u0165 aj v koop\u00e9r\u00e1ci\u00e1ch.<\/p>\n\n\n\n<p>Obvykle maj\u00fa jednotliv\u00fd v\u00fdrobcovia z\u00e1kazn\u00edcke syst\u00e9my na n\u00e1vrh parametrov klimatiza\u010dn\u00fdch jednotiek a ich kon\u0161trukciu. Jedn\u00e1 sa v podstate o zak\u00e1zkov\u00fa v\u00fdrobu s ve\u013ekou variabilitou a mno\u017estvom dielov a oper\u00e1ci\u00ed.<\/p>\n\n\n\n<p>Ewis m\u00f4\u017ee by\u0165 pou\u017eit\u00fd  ako<\/p>\n\n\n\n<ul class=\"wp-block-list\"><li><strong>podnikov\u00fd informa\u010dn\u00fd syst\u00e9m<\/strong> &#8211; zo z\u00e1kazn\u00edckeho n\u00e1vrhov\u00e9 syst\u00e9mu sa importuje popis kusovn\u00edku a v Ewise sa vygeneruj\u00fa kompletn\u00e9 kusovn\u00edky s oper\u00e1ciami ( BOMy ), polotovary, fin\u00e1lne produkty, ktor\u00e9 sa  spracov\u00e1vaj\u00fa be\u017en\u00fdm sp\u00f4sobom ako ostatn\u00e9 v\u00fdrobky. <\/li><li><strong>subsyst\u00e9m existuj\u00faceho IS z\u00e1kazn\u00edka<\/strong> &#8211; zo z\u00e1kazn\u00edckeho n\u00e1vrhov\u00e9 syst\u00e9mu sa importuje popis kusovn\u00edku a v Ewise sa vygeneruj\u00fa kompletn\u00e9 kusovn\u00edky s oper\u00e1ciami ( BOMy ), polotovary, fin\u00e1lne produkty a tieto sa n\u00e1sledne naimportuj\u00fa do IS z\u00e1kazn\u00edka. Tento proces m\u00f4\u017ee prebieha\u0165 \u00faplne automaticky a pracovn\u00edci z\u00e1kazn\u00edka si nemusie zvyka\u0165 na in\u00fd syst\u00e9m. Ewis pracuje  pre nich &#8222;nevidite\u013ene&#8220;.<\/li><\/ul>\n\n\n\n<p class=\"has-text-align-right\"> <a href=\"#top\">Hore<\/a> <\/p>\n","protected":false},"excerpt":{"rendered":"<p>V\u00fdroba vzduchotechniky V\u00fdroba klimatiza\u010dn\u00fdch jednotiek ( AHU ) V\u00fdroba vzduchotechniky Vzduchotechnick\u00e9 potrubie pozost\u00e1va z mnoh\u00fdch prvkov, ktor\u00e9 sa vyr\u00e1baj\u00fa v r\u00f4znych ve\u013ekostiach. Kni\u017enica komponentov v Ewise obsahuje kni\u017enicu vzduchotechnick\u00fdch rovn\u00fdch potrub\u00ed ( hranat\u00e9, okr\u00fahle\/spiro, ov\u00e1lne ), tvaroviek, pr\u00edslu\u0161enstva, vyustiek, ventil\u00e1torov a podobne. Komponentom m\u00f4\u017ee by\u0165 napr\u00edklad koleno ( KO ), obl\u00fak ( OL ), spiro [&hellip;]<\/p>\n","protected":false},"author":2,"featured_media":0,"parent":0,"menu_order":3,"comment_status":"closed","ping_status":"closed","template":"","meta":{"inline_featured_image":false,"site-sidebar-layout":"default","site-content-layout":"default","ast-site-content-layout":"","site-content-style":"default","site-sidebar-style":"default","ast-global-header-display":"","ast-banner-title-visibility":"","ast-main-header-display":"","ast-hfb-above-header-display":"","ast-hfb-below-header-display":"","ast-hfb-mobile-header-display":"","site-post-title":"","ast-breadcrumbs-content":"","ast-featured-img":"","footer-sml-layout":"","theme-transparent-header-meta":"default","adv-header-id-meta":"","stick-header-meta":"","header-above-stick-meta":"","header-main-stick-meta":"","header-below-stick-meta":"","astra-migrate-meta-layouts":"default","ast-page-background-enabled":"default","ast-page-background-meta":{"desktop":{"background-color":"var(--ast-global-color-4)","background-image":"","background-repeat":"repeat","background-position":"center center","background-size":"auto","background-attachment":"scroll","background-type":"","background-media":"","overlay-type":"","overlay-color":"","overlay-opacity":"","overlay-gradient":""},"tablet":{"background-color":"","background-image":"","background-repeat":"repeat","background-position":"center center","background-size":"auto","background-attachment":"scroll","background-type":"","background-media":"","overlay-type":"","overlay-color":"","overlay-opacity":"","overlay-gradient":""},"mobile":{"background-color":"","background-image":"","background-repeat":"repeat","background-position":"center center","background-size":"auto","background-attachment":"scroll","background-type":"","background-media":"","overlay-type":"","overlay-color":"","overlay-opacity":"","overlay-gradient":""}},"ast-content-background-meta":{"desktop":{"background-color":"var(--ast-global-color-5)","background-image":"","background-repeat":"repeat","background-position":"center center","background-size":"auto","background-attachment":"scroll","background-type":"","background-media":"","overlay-type":"","overlay-color":"","overlay-opacity":"","overlay-gradient":""},"tablet":{"background-color":"var(--ast-global-color-5)","background-image":"","background-repeat":"repeat","background-position":"center center","background-size":"auto","background-attachment":"scroll","background-type":"","background-media":"","overlay-type":"","overlay-color":"","overlay-opacity":"","overlay-gradient":""},"mobile":{"background-color":"var(--ast-global-color-5)","background-image":"","background-repeat":"repeat","background-position":"center center","background-size":"auto","background-attachment":"scroll","background-type":"","background-media":"","overlay-type":"","overlay-color":"","overlay-opacity":"","overlay-gradient":""}},"footnotes":""},"class_list":["post-21","page","type-page","status-publish","hentry"],"_links":{"self":[{"href":"https:\/\/www.ewis.sk\/index.php\/wp-json\/wp\/v2\/pages\/21","targetHints":{"allow":["GET"]}}],"collection":[{"href":"https:\/\/www.ewis.sk\/index.php\/wp-json\/wp\/v2\/pages"}],"about":[{"href":"https:\/\/www.ewis.sk\/index.php\/wp-json\/wp\/v2\/types\/page"}],"author":[{"embeddable":true,"href":"https:\/\/www.ewis.sk\/index.php\/wp-json\/wp\/v2\/users\/2"}],"replies":[{"embeddable":true,"href":"https:\/\/www.ewis.sk\/index.php\/wp-json\/wp\/v2\/comments?post=21"}],"version-history":[{"count":11,"href":"https:\/\/www.ewis.sk\/index.php\/wp-json\/wp\/v2\/pages\/21\/revisions"}],"predecessor-version":[{"id":407,"href":"https:\/\/www.ewis.sk\/index.php\/wp-json\/wp\/v2\/pages\/21\/revisions\/407"}],"wp:attachment":[{"href":"https:\/\/www.ewis.sk\/index.php\/wp-json\/wp\/v2\/media?parent=21"}],"curies":[{"name":"wp","href":"https:\/\/api.w.org\/{rel}","templated":true}]}}